{"id":58,"date":"2024-05-07T23:02:07","date_gmt":"2024-05-08T05:02:07","guid":{"rendered":"https:\/\/2.anartist.org\/artista\/manumonroy\/?page_id=58"},"modified":"2024-06-13T13:03:57","modified_gmt":"2024-06-13T19:03:57","slug":"liminar","status":"publish","type":"page","link":"https:\/\/2.anartist.org\/artista\/manumonroy\/?page_id=58","title":{"rendered":"liminar"},"content":{"rendered":"\n<h2 class=\"wp-block-heading\">   liminar<\/h2>\n\n\n\n<p>          <em>AUSPICIO<\/em>, Casa Editorial Abismo, 2017.<\/p>\n\n\n\n<div class=\"wp-block-media-text is-stacked-on-mobile\" style=\"grid-template-columns:21% auto\"><figure class=\"wp-block-media-text__media\"><img loading=\"lazy\" decoding=\"async\" width=\"308\" height=\"475\" src=\"https:\/\/2.anartist.org\/artista\/manumonroy\/wp-content\/uploads\/2024\/05\/Auspicio_MMC-1.jpeg\" alt=\"\" class=\"wp-image-60 size-full\" srcset=\"https:\/\/2.anartist.org\/artista\/manumonroy\/wp-content\/uploads\/2024\/05\/Auspicio_MMC-1.jpeg 308w, https:\/\/2.anartist.org\/artista\/manumonroy\/wp-content\/uploads\/2024\/05\/Auspicio_MMC-1-195x300.jpeg 195w\" sizes=\"auto, (max-width: 308px) 100vw, 308px\" \/><\/figure><div class=\"wp-block-media-text__content\">\n<p><em>Auspicio <\/em>es encuentro con lo ininteligible; de la identidad originaria del mundo y su finalidad aparente, preocupaci\u00f3n que se padece como b\u00fasqueda y raz\u00f3n de la expresi\u00f3n art\u00edstica. Sus dos personajes principales, una pintora (Susana \/ Shoshan\u00e1) y un poeta (Malej) discurren, cada quien en lugares y tiempos distintos, sobre la posibilidad y el valor de ello. La tr\u00edada sentido-existencia-arte genera una din\u00e1mica en la que dicha b\u00fasqueda, quiz\u00e1 infructuosa, se ofrece como desventura y posibilidad a la vez, poniendo siempre de relieve la pregunta: \u00ab\u00bfes posible el mundo y, por lo tanto el arte y la poes\u00eda, despu\u00e9s del sinsentido?\u00bb<\/p>\n\n\n\n<figure class=\"wp-block-embed aligncenter is-type-wp-embed is-provider-peertube wp-block-embed-peertube\"><div class=\"wp-block-embed__wrapper\">\n<iframe loading=\"lazy\" class=\"wp-embedded-content\" sandbox=\"allow-scripts\" security=\"restricted\" title=\"Lectura de un fragmento del libro Auspicio (Manuel Monroy Correa)\" width=\"500\" height=\"315\" src=\"https:\/\/video.anartist.org\/videos\/embed\/acd8371d-d794-4ee1-adee-370e565da839#?secret=Bp1EyQP1Wk\" data-secret=\"Bp1EyQP1Wk\" frameborder=\"0\"><\/iframe>\n<\/div><\/figure>\n\n\n\n<iframe loading=\"lazy\" width=\"100%\" height=\"150\" scrolling=\"no\" frameborder=\"no\" src=\"https:\/\/audio.anartist.org\/embed.html?&amp;type=track&amp;id=38439\"><\/iframe>\n<\/div><\/div>\n\n\n\n<p class=\"has-text-align-center\"><strong>COMENTARIOS SOBRE AUSPICIO<\/strong><\/p>\n\n\n\n<div class=\"wp-block-columns is-layout-flex wp-container-core-columns-is-layout-28f84493 wp-block-columns-is-layout-flex\">\n<div class=\"wp-block-column is-layout-flow wp-block-column-is-layout-flow\">\n<div class=\"wp-block-columns is-layout-flex wp-container-core-columns-is-layout-28f84493 wp-block-columns-is-layout-flex\">\n<div class=\"wp-block-column is-layout-flow wp-block-column-is-layout-flow\">\n<p>Cuando la escritura se convierte en el tema del relato, se mira a s\u00ed misma hacerse, el lector cae vertiginosamente en el cuestionamiento de la creaci\u00f3n. Una novela de preguntas, pasajes que cuestionan la lectura, un asomo al principio del verbo mediante an\u00e1lisis filol\u00f3gicos que aparentan ser simples meditaciones o divagaciones que acompa\u00f1an al humo del cigarrillo.<\/p>\n<\/div>\n<\/div>\n\n\n\n<p class=\"has-base-color has-text-color has-link-color wp-elements-7801b8a2967044d93ca4656b06df7282\"><strong>-Jos\u00e9 Molina (1975-2019), poeta mexicano.<\/strong><\/p>\n<\/div>\n\n\n\n<div class=\"wp-block-column is-layout-flow wp-block-column-is-layout-flow\">\n<p>Construye de a poco todo un arsenal conceptual que se va tocando como una melod\u00eda. Una vez que nos introduce las notas, una a una, se va construyendo de a poco el enjambre de las mismas. Se resignifican una a una las letras, palabras, voces, lo que est\u00e1 detr\u00e1s.<\/p>\n\n\n\n<p class=\"has-base-color has-text-color has-link-color wp-elements-b67b158eaa195d879be122d24de58d3c\"><strong>-Christina Soto van der Plas, escritora mexicana.<\/strong><\/p>\n<\/div>\n\n\n\n<div class=\"wp-block-column is-layout-flow wp-block-column-is-layout-flow\">\n<p>Creo que no me equivocar\u00eda al afirmar que en la literatura mexicana hay pocas novelas como <em>Auspicio<\/em>, que decididamente se sumergen en el silencio para tratar de descifrarlo y presentarlo a los lectores en su misterio y su fecunda complejidad. El tono de la obra se atisba an\u00f3malo si miramos el grueso de la literatura publicada hoy en el pa\u00eds.<\/p>\n\n\n\n<p class=\"has-base-color has-text-color has-link-color wp-elements-7d98456d2c899d5ce066b741f1c9e24a\"><strong>-Samuel Lagunas, poeta mexicano.<\/strong><\/p>\n<\/div>\n<\/div>\n\n\n\n<div class=\"wp-block-buttons is-layout-flex wp-block-buttons-is-layout-flex\">\n<div class=\"wp-block-button is-style-fill\"><a class=\"wp-block-button__link wp-element-button\" href=\"https:\/\/2.anartist.org\/artista\/manumonroy\/\">principal<\/a><\/div>\n<\/div>\n","protected":false},"excerpt":{"rendered":"<p>liminar AUSPICIO, Casa Editorial Abismo, 2017. COMENTARIOS SOBRE AUSPICIO Cuando la escritura se convierte en el tema del relato, se mira a s\u00ed misma hacerse, el lector cae vertiginosamente en el cuestionamiento de la creaci\u00f3n. Una novela de preguntas, pasajes que cuestionan la lectura, un asomo al principio del verbo mediante an\u00e1lisis filol\u00f3gicos que aparentan [&hellip;]<\/p>\n","protected":false},"author":1,"featured_media":0,"parent":0,"menu_order":0,"comment_status":"closed","ping_status":"closed","template":"","meta":{"footnotes":""},"class_list":["post-58","page","type-page","status-publish","hentry"],"_links":{"self":[{"href":"https:\/\/2.anartist.org\/artista\/manumonroy\/index.php?rest_route=\/wp\/v2\/pages\/58","targetHints":{"allow":["GET"]}}],"collection":[{"href":"https:\/\/2.anartist.org\/artista\/manumonroy\/index.php?rest_route=\/wp\/v2\/pages"}],"about":[{"href":"https:\/\/2.anartist.org\/artista\/manumonroy\/index.php?rest_route=\/wp\/v2\/types\/page"}],"author":[{"embeddable":true,"href":"https:\/\/2.anartist.org\/artista\/manumonroy\/index.php?rest_route=\/wp\/v2\/users\/1"}],"replies":[{"embeddable":true,"href":"https:\/\/2.anartist.org\/artista\/manumonroy\/index.php?rest_route=%2Fwp%2Fv2%2Fcomments&post=58"}],"version-history":[{"count":13,"href":"https:\/\/2.anartist.org\/artista\/manumonroy\/index.php?rest_route=\/wp\/v2\/pages\/58\/revisions"}],"predecessor-version":[{"id":183,"href":"https:\/\/2.anartist.org\/artista\/manumonroy\/index.php?rest_route=\/wp\/v2\/pages\/58\/revisions\/183"}],"wp:attachment":[{"href":"https:\/\/2.anartist.org\/artista\/manumonroy\/index.php?rest_route=%2Fwp%2Fv2%2Fmedia&parent=58"}],"curies":[{"name":"wp","href":"https:\/\/api.w.org\/{rel}","templated":true}]}}