{"id":54,"date":"2024-05-07T23:01:52","date_gmt":"2024-05-08T05:01:52","guid":{"rendered":"https:\/\/2.anartist.org\/artista\/manumonroy\/?page_id=54"},"modified":"2024-05-23T18:26:43","modified_gmt":"2024-05-24T00:26:43","slug":"narrativa","status":"publish","type":"page","link":"https:\/\/2.anartist.org\/artista\/manumonroy\/?page_id=54","title":{"rendered":"Narrativa"},"content":{"rendered":"\n<h2 class=\"wp-block-heading\">narrativa<\/h2>\n\n\n\n<p><em>Yagubal Alebrije<\/em>, Pearson, 2015.<\/p>\n\n\n\n<div class=\"wp-block-media-text is-stacked-on-mobile\" style=\"grid-template-columns:15% auto\"><figure class=\"wp-block-media-text__media\"><img loading=\"lazy\" decoding=\"async\" width=\"194\" height=\"300\" src=\"https:\/\/2.anartist.org\/artista\/manumonroy\/wp-content\/uploads\/2024\/05\/97860732335260f9dd57b8522_300h.jpg\" alt=\"\" class=\"wp-image-69 size-full\"\/><\/figure><div class=\"wp-block-media-text__content\">\n<p>Yagubal es un joven y curioso jaguar que quiere saber c\u00f3mo es su verdadera imagen y c\u00f3mo luce el reflejo de su interior. Ansioso por iniciar la aventura, se internar\u00e1 en la selva y conocer\u00e1 a fant\u00e1sticos animales que ser\u00e1n su gu\u00eda en esta b\u00fasqueda de \u00e9l mismo, misma que no siempre ser\u00e1 placentera. Y es que, cuando Se trata de responder la pregunta \u00bfQui\u00e9n soy?, no s\u00f3lo aparecen nuestras virtudes, sino tambi\u00e9n nuestros defectos. Al final de la traves\u00eda, Yagubal no ser\u00e1 el mismo. Ni por dentro, y menos por fuera.<\/p>\n<\/div><\/div>\n\n\n\n<p><em>Yagubal Alebrije<\/em>, Beyond Dimensions, 2023.<\/p>\n\n\n\n<div class=\"wp-block-media-text is-stacked-on-mobile\" style=\"grid-template-columns:15% auto\"><figure class=\"wp-block-media-text__media\"><img loading=\"lazy\" decoding=\"async\" width=\"640\" height=\"1024\" src=\"https:\/\/2.anartist.org\/artista\/manumonroy\/wp-content\/uploads\/2024\/05\/Yagubal-Alebrije-1-640x1024.jpg\" alt=\"\" class=\"wp-image-68 size-full\" srcset=\"https:\/\/2.anartist.org\/artista\/manumonroy\/wp-content\/uploads\/2024\/05\/Yagubal-Alebrije-1-640x1024.jpg 640w, https:\/\/2.anartist.org\/artista\/manumonroy\/wp-content\/uploads\/2024\/05\/Yagubal-Alebrije-1-188x300.jpg 188w, https:\/\/2.anartist.org\/artista\/manumonroy\/wp-content\/uploads\/2024\/05\/Yagubal-Alebrije-1-768x1229.jpg 768w, https:\/\/2.anartist.org\/artista\/manumonroy\/wp-content\/uploads\/2024\/05\/Yagubal-Alebrije-1-960x1536.jpg 960w, https:\/\/2.anartist.org\/artista\/manumonroy\/wp-content\/uploads\/2024\/05\/Yagubal-Alebrije-1-1280x2048.jpg 1280w, https:\/\/2.anartist.org\/artista\/manumonroy\/wp-content\/uploads\/2024\/05\/Yagubal-Alebrije-1-scaled.jpg 1600w\" sizes=\"auto, (max-width: 640px) 100vw, 640px\" \/><\/figure><div class=\"wp-block-media-text__content\">\n<p>Yagubal recorre la ficci\u00f3n de conocerse a s\u00ed mismo, que lo puede llevar al cambio inesperado de ese \u00abs\u00ed\u00bb, entre lo luminoso y lo indeseable. Lo que dicen otros de \u00e9l, es un conjunto de velos por traspasar. El hallazgo de ese ser supuesto que se confiere, no es m\u00e1s que el cambio. Lo que no permanece es la certidumbre\u2026 \u00bfQu\u00e9 formas aguardan a quien comienza a des-cubrirse? \u00bfQu\u00e9 potencias animales se despiertan en el camino? Con Yagubal podr\u00edas correr el peligro de reconocer que t\u00fa tambi\u00e9n eres un alebrije.<\/p>\n<\/div><\/div>\n\n\n\n<p><em>Incalculable abismo<\/em>, Beyond Dimensions, 2023.<\/p>\n\n\n\n<div class=\"wp-block-media-text is-stacked-on-mobile\" style=\"grid-template-columns:15% auto\"><figure class=\"wp-block-media-text__media\"><img loading=\"lazy\" decoding=\"async\" width=\"683\" height=\"1024\" src=\"https:\/\/2.anartist.org\/artista\/manumonroy\/wp-content\/uploads\/2024\/05\/Incalculable-Abismo-1-683x1024.jpg\" alt=\"\" class=\"wp-image-70 size-full\" srcset=\"https:\/\/2.anartist.org\/artista\/manumonroy\/wp-content\/uploads\/2024\/05\/Incalculable-Abismo-1-683x1024.jpg 683w, https:\/\/2.anartist.org\/artista\/manumonroy\/wp-content\/uploads\/2024\/05\/Incalculable-Abismo-1-200x300.jpg 200w, https:\/\/2.anartist.org\/artista\/manumonroy\/wp-content\/uploads\/2024\/05\/Incalculable-Abismo-1-768x1152.jpg 768w, https:\/\/2.anartist.org\/artista\/manumonroy\/wp-content\/uploads\/2024\/05\/Incalculable-Abismo-1-1024x1536.jpg 1024w, https:\/\/2.anartist.org\/artista\/manumonroy\/wp-content\/uploads\/2024\/05\/Incalculable-Abismo-1-1365x2048.jpg 1365w, https:\/\/2.anartist.org\/artista\/manumonroy\/wp-content\/uploads\/2024\/05\/Incalculable-Abismo-1-scaled.jpg 1707w\" sizes=\"auto, (max-width: 683px) 100vw, 683px\" \/><\/figure><div class=\"wp-block-media-text__content\">\n<p>Ariel, un aspirante a gimnasta de talla internacional, tiene un accidente que lesiona su rodilla y le impide calificar. Con un doble sue\u00f1o anquilosado \u2013levantarse de una condici\u00f3n socio-econ\u00f3mica frustrante y viajar por el mundo a la manera de una figura que se permite demostrar su fe como ejemplo de virtud\u2013, se abren para Ariel las puertas de la desesperaci\u00f3n, la melancol\u00eda y el suicidio. Entre la brega y el desencanto, esta historia, situada a finales de los a\u00f1os &#8217;80 en la Ciudad de M\u00e9xico, explora la relaci\u00f3n que guardan fe, locura y la reflexi\u00f3n en los abismos de la asfixia.<\/p>\n<\/div><\/div>\n\n\n\n<div class=\"wp-block-buttons is-layout-flex wp-block-buttons-is-layout-flex\">\n<div class=\"wp-block-button\"><a class=\"wp-block-button__link wp-element-button\" href=\"https:\/\/2.anartist.org\/artista\/manumonroy\/\">principal<\/a><\/div>\n<\/div>\n","protected":false},"excerpt":{"rendered":"<p>narrativa Yagubal Alebrije, Pearson, 2015. Yagubal es un joven y curioso jaguar que quiere saber c\u00f3mo es su verdadera imagen y c\u00f3mo luce el reflejo de su interior. Ansioso por iniciar la aventura, se internar\u00e1 en la selva y conocer\u00e1 a fant\u00e1sticos animales que ser\u00e1n su gu\u00eda en esta b\u00fasqueda de \u00e9l mismo, misma que [&hellip;]<\/p>\n","protected":false},"author":1,"featured_media":0,"parent":0,"menu_order":0,"comment_status":"closed","ping_status":"closed","template":"","meta":{"footnotes":""},"class_list":["post-54","page","type-page","status-publish","hentry"],"_links":{"self":[{"href":"https:\/\/2.anartist.org\/artista\/manumonroy\/index.php?rest_route=\/wp\/v2\/pages\/54","targetHints":{"allow":["GET"]}}],"collection":[{"href":"https:\/\/2.anartist.org\/artista\/manumonroy\/index.php?rest_route=\/wp\/v2\/pages"}],"about":[{"href":"https:\/\/2.anartist.org\/artista\/manumonroy\/index.php?rest_route=\/wp\/v2\/types\/page"}],"author":[{"embeddable":true,"href":"https:\/\/2.anartist.org\/artista\/manumonroy\/index.php?rest_route=\/wp\/v2\/users\/1"}],"replies":[{"embeddable":true,"href":"https:\/\/2.anartist.org\/artista\/manumonroy\/index.php?rest_route=%2Fwp%2Fv2%2Fcomments&post=54"}],"version-history":[{"count":4,"href":"https:\/\/2.anartist.org\/artista\/manumonroy\/index.php?rest_route=\/wp\/v2\/pages\/54\/revisions"}],"predecessor-version":[{"id":177,"href":"https:\/\/2.anartist.org\/artista\/manumonroy\/index.php?rest_route=\/wp\/v2\/pages\/54\/revisions\/177"}],"wp:attachment":[{"href":"https:\/\/2.anartist.org\/artista\/manumonroy\/index.php?rest_route=%2Fwp%2Fv2%2Fmedia&parent=54"}],"curies":[{"name":"wp","href":"https:\/\/api.w.org\/{rel}","templated":true}]}}