{"id":152,"date":"2024-05-10T11:51:15","date_gmt":"2024-05-10T17:51:15","guid":{"rendered":"https:\/\/2.anartist.org\/artista\/manumonroy\/?page_id=152"},"modified":"2024-12-12T12:23:07","modified_gmt":"2024-12-12T18:23:07","slug":"eventos-2024","status":"publish","type":"page","link":"https:\/\/2.anartist.org\/artista\/manumonroy\/?page_id=152","title":{"rendered":"eventos 2024"},"content":{"rendered":"\n<h2 class=\"wp-block-heading\">eventos (2024)<\/h2>\n\n\n\n<p class=\"has-text-color has-link-color wp-elements-7029d52e89fb8636234020c166cdea88\" style=\"color:#6c2e8b\">ENERO<\/p>\n\n\n\n<ul style=\"color:#6c2e8b\" class=\"wp-block-list has-text-color has-link-color wp-elements-f8191c649cd610b22abd2c7f2f5cf223\">\n<li>D\u00eda 17. Presentaci\u00f3n de <em>Amargo Blues<\/em> en la Feria del libro y publicaciones anarquistas, Ciudad de M\u00e9xico.<\/li>\n<\/ul>\n\n\n\n<p class=\"has-text-color has-link-color wp-elements-f5197e3d27f90b8f85b46871494bc71d\" style=\"color:#6c2e8b\">FEBRERO<\/p>\n\n\n\n<ul style=\"color:#6c2e8b\" class=\"wp-block-list has-text-color has-link-color wp-elements-3189202de8a072ffa6436b07dbcc1328\">\n<li>D\u00eda 5: <em>jam <\/em>con Mark Aanderud en Jazzatl\u00e1n, leyendo en voz alta poemas de<em> Amargo Blues <\/em>(mi traducci\u00f3n a <em>The Weary Blues<\/em> de Langston Hughes), Roma Norte, Ciudad de M\u00e9xico.<\/li>\n<\/ul>\n\n\n\n<p class=\"has-text-color has-link-color wp-elements-f23deca17cc4e7ca51eee5d5cd7c2886\" style=\"color:#6c2e8b\">MARZO<\/p>\n\n\n\n<ul style=\"color:#6c2e8b\" class=\"wp-block-list has-text-color has-link-color wp-elements-828f0e55e2f10c7cf508c959048d66e1\">\n<li>S\u00e1bado 2, presentando <em>Filos de reserva <\/em>de Josu Landa (Biblioteca Vasconcelos, Ciudad de M\u00e9xico).<\/li>\n<\/ul>\n\n\n\n<p class=\"has-text-color has-link-color wp-elements-8549c86520edbef29aa53c13dd78c1c1\" style=\"color:#6c2e8b\">ABRIL<\/p>\n\n\n\n<ul style=\"color:#6c2e8b\" class=\"wp-block-list has-text-color has-link-color wp-elements-7a213f3c2edefcb3d59af8abd670408f\">\n<li>S\u00e1bado 19, presentaci\u00f3n de <em>Amargo Blues <\/em>en Librer\u00eda C\u00edrculo de Poes\u00eda, Coyoac\u00e1n, cdmx.<\/li>\n\n\n\n<li>Viernes 26, presentaci\u00f3n de <em>Amargo Blues<\/em>, junto a H\u00e9ctor Cob\u00e1 y Fidel Gonz\u00e1lez Mediaceja (compositor jazzista) en la 2a. FIL Canc\u00fan. Planetario Ka&#8217;Yok&#8217;.<\/li>\n\n\n\n<li>S\u00e1bado 27, junto a H\u00e9ctor Cob\u00e1 y Mared Guerra, presentaci\u00f3n del n\u00fam. 6 de la revista <em>Beyond Dimensions<\/em>. 2a. FIL Canc\u00fan. Planetario Ka&#8217;Yok&#8217;.<\/li>\n<\/ul>\n\n\n\n<p class=\"has-text-color has-link-color wp-elements-a668982e9798fea00e0963570921f4d7\" style=\"color:#6c2e8b\">MAYO<\/p>\n\n\n\n<ul style=\"color:#6c2e8b\" class=\"wp-block-list has-text-color has-link-color wp-elements-8eab3e5478e04e06cb434abbb3d62320\">\n<li>S\u00e1bado 11, 17:00 hrs. persentando <em>Trabajos de la Avenida <\/em>de Arturo Murgu\u00eda. Librer\u00eda C\u00edrculo de Poes\u00eda (Xicot\u00e9ncatl 270, Coyoac\u00e1n).<\/li>\n\n\n\n<li>S\u00e1bado 18, presentando <em>Enroque de flanco indistinto <\/em>de Adriana Tafoya en Librer\u00eda C\u00edrculo de Poes\u00eda (Xicot\u00e9ncatl 270, Coyoac\u00e1n),<\/li>\n\n\n\n<li>S\u00e1bado 25, presentaci\u00f3n de <em>Amargo Blues<\/em> en Cafebrer\u00eda El Deleite (Manuel M. Ponce 17, Ciudad Sat\u00e9lite).<\/li>\n\n\n\n<li>Domingo 26, presentaci\u00f3n de <em>Principia Chaotica<\/em>, Librer\u00eda C\u00edrculo de Poes\u00eda (Xicot\u00e9ncatl 270, Coyoac\u00e1n).<\/li>\n\n\n\n<li>Martes 28. Casa Refugio Citlalt\u00e9petl. Recital de poes\u00eda y presentando a <em>Enroque de flanco indistinto<\/em> de Adriana Tafoya.<\/li>\n<\/ul>\n\n\n\n<p class=\"has-contrast-color has-text-color has-link-color wp-elements-5a70db5ffd4142c9ef983f9b3f083559\">AGOSTO<\/p>\n\n\n\n<ul class=\"wp-block-list has-secondary-color has-text-color has-link-color wp-elements-09d87f331851198a7a4b094cbba8d115\">\n<li class=\"has-contrast-color has-text-color has-link-color wp-elements-d5586e5dedcedd223009a90f07add36c\">Domingo 11, presentaci\u00f3n de <em>El gueto y otros poemas<\/em> de Lola Ridge (traducci\u00f3n) en Biblioteca Vasconcelos, con Erick (Mab) Hern\u00e1ndez.<\/li>\n<\/ul>\n\n\n\n<p class=\"has-contrast-color has-text-color has-link-color wp-elements-a5fc171266b179fb0a04ac091ceeea78\">SEPTIEMBRE<\/p>\n\n\n\n<ul class=\"wp-block-list has-secondary-color has-text-color has-link-color wp-elements-904992c24935ab3b66443297dace2271\">\n<li class=\"has-contrast-color has-text-color has-link-color wp-elements-62a476e7c0e6c5289312ca649601ecd7\">Domingo 22, presentaci\u00f3n de <em>Principia Chaotica<\/em> en la Feria del Libro de Tepotzotl\u00e1n, Plaza de la Cruz, con Adriana Tafoya. <\/li>\n<\/ul>\n\n\n\n<p class=\"has-contrast-color has-text-color has-link-color wp-elements-378fd776ef12f710cdb4ac837eabaa6e\">NOVIEMBRE<\/p>\n\n\n\n<ul class=\"wp-block-list has-secondary-color has-text-color has-link-color wp-elements-8a2a0e919b2ce7a62126e81db0b686a5\">\n<li class=\"has-contrast-color has-text-color has-link-color wp-elements-6ad54a3d78bcd2c8101c9d4235dbcacb\">Jueves 7, Semana de Letras (Universidad Iberoamericana). Ponencia sobre <em>El gueto y otros poemas<\/em> de Lola Ridge.<\/li>\n\n\n\n<li class=\"has-contrast-color has-text-color has-link-color wp-elements-0e8f14e401570b11726c77e70e796eaf\">Viernes 15, lectura de poes\u00eda en voz alta en el Encuentro de Poes\u00eda Nacional Max Rojas, centro de la Ciudad de M\u00e9xico.<\/li>\n\n\n\n<li class=\"has-contrast-color has-text-color has-link-color wp-elements-6a2531b733fe5f52413459b0a940ac83\">Viernes 15, presentaci\u00f3n de <em>Amargo Blues<\/em> (traducci\u00f3n a <em>The Weary Blues<\/em> de Langston Hughes). MD-Librer\u00eda autogestiva, Popotla, Ciudad de M\u00e9xico.<\/li>\n\n\n\n<li class=\"has-contrast-color has-text-color has-link-color wp-elements-bced54c9942ae787f1e2f91800c8c46f\">S\u00e1bado 16, presentaci\u00f3n de <em>El gueto y otros poemas<\/em> de Lola Ridge, con Sara Uribe, librer\u00eda U-T\u00f3picas, Coyoac\u00e1n, Ciudad de M\u00e9xico.<\/li>\n\n\n\n<li class=\"has-contrast-color has-text-color has-link-color wp-elements-1d9ed35ff5de9ab430f4c7d04702c905\">S\u00e1bado 16, lectura de los poemas de <em>Amargo Blues<\/em> (traducci\u00f3n a <em>The Weary Blues<\/em> de Langston Hughes), cafebrer\u00eda El Deleite, Sat\u00e9lite, Estado de M\u00e9xico.<\/li>\n<\/ul>\n\n\n\n<div class=\"wp-block-buttons is-layout-flex wp-block-buttons-is-layout-flex\">\n<div class=\"wp-block-button\"><a class=\"wp-block-button__link wp-element-button\" href=\"https:\/\/2.anartist.org\/artista\/manumonroy\/\">principal<\/a><\/div>\n<\/div>\n","protected":false},"excerpt":{"rendered":"<p>eventos (2024) ENERO FEBRERO MARZO ABRIL MAYO AGOSTO SEPTIEMBRE NOVIEMBRE<\/p>\n","protected":false},"author":1,"featured_media":0,"parent":0,"menu_order":0,"comment_status":"closed","ping_status":"closed","template":"","meta":{"footnotes":""},"class_list":["post-152","page","type-page","status-publish","hentry"],"_links":{"self":[{"href":"https:\/\/2.anartist.org\/artista\/manumonroy\/index.php?rest_route=\/wp\/v2\/pages\/152","targetHints":{"allow":["GET"]}}],"collection":[{"href":"https:\/\/2.anartist.org\/artista\/manumonroy\/index.php?rest_route=\/wp\/v2\/pages"}],"about":[{"href":"https:\/\/2.anartist.org\/artista\/manumonroy\/index.php?rest_route=\/wp\/v2\/types\/page"}],"author":[{"embeddable":true,"href":"https:\/\/2.anartist.org\/artista\/manumonroy\/index.php?rest_route=\/wp\/v2\/users\/1"}],"replies":[{"embeddable":true,"href":"https:\/\/2.anartist.org\/artista\/manumonroy\/index.php?rest_route=%2Fwp%2Fv2%2Fcomments&post=152"}],"version-history":[{"count":10,"href":"https:\/\/2.anartist.org\/artista\/manumonroy\/index.php?rest_route=\/wp\/v2\/pages\/152\/revisions"}],"predecessor-version":[{"id":194,"href":"https:\/\/2.anartist.org\/artista\/manumonroy\/index.php?rest_route=\/wp\/v2\/pages\/152\/revisions\/194"}],"wp:attachment":[{"href":"https:\/\/2.anartist.org\/artista\/manumonroy\/index.php?rest_route=%2Fwp%2Fv2%2Fmedia&parent=152"}],"curies":[{"name":"wp","href":"https:\/\/api.w.org\/{rel}","templated":true}]}}